{"id":65,"date":"2021-06-29T13:56:45","date_gmt":"2021-06-29T11:56:45","guid":{"rendered":"http:\/\/davvi-siida.local\/?post_type=product&#038;p=65"},"modified":"2022-10-10T12:21:37","modified_gmt":"2022-10-10T10:21:37","slug":"torketreinhjerte","status":"publish","type":"product","link":"https:\/\/davvisiida.no\/en\/nettbutikk\/matogdrikke\/torketreinhjerte\/","title":{"rendered":"Goikev\u00e1ibmo &#8211; T\u00f8rket reinhjerte 40 g"},"content":{"rendered":"","protected":false},"excerpt":{"rendered":"<p>Goikev\u00e1imbo &#8211; t\u00f8rket reinhjerte. Posen er 40 gram.\u00a0T\u00f8rrsaltet og t\u00f8rket p\u00e5 tradisjonelt samisk vis ved utetemperatur.\u00a0Uts\u00f8kt turmat som er mettende og sunn, god holdbarhet og lett \u00e5 ta med seg. Like god som snacks, eller til tapas.<\/p>\n<p>&nbsp;<\/p>\n<p>Ingredienser: Reinsdyrhjerte 100 %, Salt 4 %<\/p>\n","protected":false},"featured_media":601,"template":"","meta":{"_acf_changed":false},"product_brand":[],"product_cat":[21],"product_tag":[],"class_list":{"0":"post-65","1":"product","2":"type-product","3":"status-publish","4":"has-post-thumbnail","6":"product_cat-matogdrikke","8":"first","9":"outofstock","10":"taxable","11":"shipping-taxable","12":"purchasable","13":"product-type-simple"},"acf":[],"_links":{"self":[{"href":"https:\/\/davvisiida.no\/en\/wp-json\/wp\/v2\/product\/65","targetHints":{"allow":["GET"]}}],"collection":[{"href":"https:\/\/davvisiida.no\/en\/wp-json\/wp\/v2\/product"}],"about":[{"href":"https:\/\/davvisiida.no\/en\/wp-json\/wp\/v2\/types\/product"}],"wp:featuredmedia":[{"embeddable":true,"href":"https:\/\/davvisiida.no\/en\/wp-json\/wp\/v2\/media\/601"}],"wp:attachment":[{"href":"https:\/\/davvisiida.no\/en\/wp-json\/wp\/v2\/media?parent=65"}],"wp:term":[{"taxonomy":"product_brand","embeddable":true,"href":"https:\/\/davvisiida.no\/en\/wp-json\/wp\/v2\/product_brand?post=65"},{"taxonomy":"product_cat","embeddable":true,"href":"https:\/\/davvisiida.no\/en\/wp-json\/wp\/v2\/product_cat?post=65"},{"taxonomy":"product_tag","embeddable":true,"href":"https:\/\/davvisiida.no\/en\/wp-json\/wp\/v2\/product_tag?post=65"}],"curies":[{"name":"wp","href":"https:\/\/api.w.org\/{rel}","templated":true}]}}