{"id":1487,"date":"2021-10-17T22:38:11","date_gmt":"2021-10-17T20:38:11","guid":{"rendered":"https:\/\/davvisiida.no\/nettbutikk\/uncategorized\/ruoktu-ullpledd\/"},"modified":"2026-02-21T13:48:32","modified_gmt":"2026-02-21T12:48:32","slug":"ruoktu-ullpledd","status":"publish","type":"product","link":"https:\/\/davvisiida.no\/en\/nettbutikk\/pleddogputetrekk\/ruoktu-ullpledd\/","title":{"rendered":"Ruoktu ullpledd"},"content":{"rendered":"","protected":false},"excerpt":{"rendered":"<p>Ruoktu betyr hjem. Ta med deg en del av den samiske kulturarven hjem gjennom ullpleddet Ruoktu.<\/p>\n<p>Samisk navnesystem \u2013 I stedet for \u00e5 risse hele navnet I f.eks bruksgjenstander som tre, horn, bein, er det vanlig \u00e5 bare risse forbokstadvene. P\u00e5 denne m\u00e5te er det nok med h\u00f8yst 3- 5 bokstaver, som man lett kan navnet \u00e5 vite b\u00e5de fornavn, mor\/farsnavn og slektsnavn, navnesystemet er den del av designet.<\/p>\n<p>Design og stil p\u00e5 dette teppet er inspirert av tradisjonelle samiske m\u00f8nster som ivaretar samisk estetikk og representerer en viktig del av v\u00e5r kulturarv.<\/p>\n<p>St\u00f8rrelse: 135x200cm<br \/>\nFargekombinasjon: Koksgr\u00e5 p\u00e5 en side og naturhvit p\u00e5 motsatt side, med fargeborder i bl\u00e5tt, r\u00f8dt og gr\u00f8nt p\u00e5 begge sider.<br \/>\nVekt: 1.6 kg<br \/>\nKvalitet: Norsk lammeull<br \/>\nVaskeanvisning:\u00a0Ullvask 30 grader, men god lufting og lett risting i t\u00f8rr sn\u00f8 er som regel nok til \u00e5 holde pleddet rent.<\/p>\n<p>&nbsp;<\/p>\n<p>&nbsp;<\/p>\n<p>&nbsp;<\/p>\n<p>&nbsp;<\/p>\n","protected":false},"featured_media":1118,"template":"","meta":{"_acf_changed":false},"product_brand":[],"product_cat":[25],"product_tag":[],"class_list":{"0":"post-1487","1":"product","2":"type-product","3":"status-publish","4":"has-post-thumbnail","6":"product_cat-pleddogputetrekk","8":"first","9":"instock","10":"taxable","11":"shipping-taxable","12":"purchasable","13":"product-type-simple"},"acf":[],"_links":{"self":[{"href":"https:\/\/davvisiida.no\/en\/wp-json\/wp\/v2\/product\/1487","targetHints":{"allow":["GET"]}}],"collection":[{"href":"https:\/\/davvisiida.no\/en\/wp-json\/wp\/v2\/product"}],"about":[{"href":"https:\/\/davvisiida.no\/en\/wp-json\/wp\/v2\/types\/product"}],"wp:featuredmedia":[{"embeddable":true,"href":"https:\/\/davvisiida.no\/en\/wp-json\/wp\/v2\/media\/1118"}],"wp:attachment":[{"href":"https:\/\/davvisiida.no\/en\/wp-json\/wp\/v2\/media?parent=1487"}],"wp:term":[{"taxonomy":"product_brand","embeddable":true,"href":"https:\/\/davvisiida.no\/en\/wp-json\/wp\/v2\/product_brand?post=1487"},{"taxonomy":"product_cat","embeddable":true,"href":"https:\/\/davvisiida.no\/en\/wp-json\/wp\/v2\/product_cat?post=1487"},{"taxonomy":"product_tag","embeddable":true,"href":"https:\/\/davvisiida.no\/en\/wp-json\/wp\/v2\/product_tag?post=1487"}],"curies":[{"name":"wp","href":"https:\/\/api.w.org\/{rel}","templated":true}]}}