{"id":1564,"date":"2021-06-23T11:21:20","date_gmt":"2021-06-23T11:21:20","guid":{"rendered":"https:\/\/davvisiida.no\/personvern\/"},"modified":"2021-06-23T11:21:20","modified_gmt":"2021-06-23T11:21:20","slug":"personvern","status":"publish","type":"page","link":"https:\/\/davvisiida.no\/en\/personvern\/","title":{"rendered":"Personvern"},"content":{"rendered":"<h3>Vi bruker informasjonskapsler \u2013 hva er det?<\/h3>\n<p>Den nye ekomloven tr\u00e5dte i kraft 1. juli 2013 og har f\u00e5tt en ny bestemmelse om vilk\u00e5rene knyttet til lagring av opplysninger i kommunikasjonsutstyr \u2013 den s\u00e5kalte \u00abcookie paragrafen\u00bb (<a href=\"http:\/\/lovdata.no\/dokument\/NL\/lov\/2003-07-04-83\/KAPITTEL_2#%C2%A72-7b\" target=\"_blank\" rel=\"noopener\">ekomloven \u00a72-7b<\/a>).\u00a0Informasjonskapsler blir brukt til personalisering, p\u00e5logging, spr\u00e5kstyring og for statistikk som brukes til forbedring av nettsidene.<\/p>\n<p>Ved \u00e5 g\u00e5 inn og hente informasjon og\/eller benytte tjenester p\u00e5 v\u00e5re nettsider samtykker du i at det settes informasjonskapsler i din nettleser \u2013 i og med at de fleste nettlesere er innstilt slik at de automatisk aksepterer cookies. Dersom du ikke vil akseptere v\u00e5r bruk av cookies, kan du g\u00e5 inn og trekke tilbake ditt samtykke ved \u00e5 endre innstillingene i nettleseren. Vi gj\u00f8r imidlertid oppmerksom p\u00e5 at dette kan medf\u00f8re at tjenestene p\u00e5 v\u00e5re nettsider ikke fungerer optimalt.<\/p>\n<p>Hvis du ikke \u00f8nsker \u00e5 benytte deg av informasjonskapsler, kan du endre innstillingene i nettleseren slik at du enten blokkerer informasjonskapsler fra \u00e5 bli lastet ned automatisk, eller at du f\u00e5r et valg om \u00e5 laste ned hver enkelt informasjonskapsel.<\/p>\n","protected":false},"excerpt":{"rendered":"<p>Vi bruker informasjonskapsler \u2013 hva er det? Den nye ekomloven tr\u00e5dte i kraft 1. juli 2013 og har f\u00e5tt en ny bestemmelse om vilk\u00e5rene knyttet til lagring av opplysninger i kommunikasjonsutstyr \u2013 den s\u00e5kalte \u00abcookie paragrafen\u00bb (ekomloven \u00a72-7b).\u00a0Informasjonskapsler blir brukt til personalisering, p\u00e5logging, spr\u00e5kstyring og for statistikk som brukes til forbedring av nettsidene. Ved \u00e5 [&hellip;]<\/p>\n","protected":false},"author":1,"featured_media":0,"parent":0,"menu_order":11,"comment_status":"closed","ping_status":"open","template":"","meta":{"_acf_changed":false,"footnotes":""},"class_list":["post-1564","page","type-page","status-publish","hentry"],"acf":[],"_links":{"self":[{"href":"https:\/\/davvisiida.no\/en\/wp-json\/wp\/v2\/pages\/1564","targetHints":{"allow":["GET"]}}],"collection":[{"href":"https:\/\/davvisiida.no\/en\/wp-json\/wp\/v2\/pages"}],"about":[{"href":"https:\/\/davvisiida.no\/en\/wp-json\/wp\/v2\/types\/page"}],"author":[{"embeddable":true,"href":"https:\/\/davvisiida.no\/en\/wp-json\/wp\/v2\/users\/1"}],"replies":[{"embeddable":true,"href":"https:\/\/davvisiida.no\/en\/wp-json\/wp\/v2\/comments?post=1564"}],"version-history":[{"count":0,"href":"https:\/\/davvisiida.no\/en\/wp-json\/wp\/v2\/pages\/1564\/revisions"}],"wp:attachment":[{"href":"https:\/\/davvisiida.no\/en\/wp-json\/wp\/v2\/media?parent=1564"}],"curies":[{"name":"wp","href":"https:\/\/api.w.org\/{rel}","templated":true}]}}